{"id":16771,"date":"2016-03-21T21:45:12","date_gmt":"2016-03-21T21:45:12","guid":{"rendered":"http:\/\/schoenheitsmanufaktur.net\/?page_id=16771"},"modified":"2016-03-23T20:02:10","modified_gmt":"2016-03-23T20:02:10","slug":"haare-naegel-make-up","status":"publish","type":"page","link":"https:\/\/www.schoenheitsmanufaktur.net\/?page_id=16771","title":{"rendered":"Haare N\u00e4gel Make up"},"content":{"rendered":"<section class=\"wpb-content-wrapper\"><p>[vc_row row_type=&#8220;row&#8220; type=&#8220;grid&#8220; text_align=&#8220;left&#8220; background_color=&#8220;#ffffff&#8220; padding_bottom=&#8220;0&#8243; use_row_as_full_screen_section=&#8220;no&#8220; parallax_content_width=&#8220;in_grid&#8220; angled_section=&#8220;no&#8220; angled_section_position=&#8220;both&#8220; angled_section_direction=&#8220;from_left_to_right&#8220; background_image_as_pattern=&#8220;without_pattern&#8220; row_negative_margin=&#8220;&#8220;][vc_column width=&#8220;1\/1&#8243;][vc_empty_space height=&#8220;100px&#8220; background_image=&#8220;&#8220; image_repeat=&#8220;no-repeat&#8220;][vc_tabs style=&#8220;boxed&#8220;][vc_tab title=&#8220;HAARE&#8220; tab_id=&#8220;1394534595-1-77&#8243;][vc_row_inner row_type=&#8220;row&#8220; use_as_box=&#8220;&#8220; type=&#8220;full_width&#8220; anchor=&#8220;Haare&#8220; text_align=&#8220;left&#8220; row_negative_margin=&#8220;&#8220; el_id=&#8220;Haare&#8220;][vc_column_inner width=&#8220;1\/1&#8243;][vc_column_text]<a href=\"https:\/\/schoenheitsmanufaktur.net\/wp-content\/uploads\/2016\/03\/HAARE-e1458762162749.png\" rel=\"attachment wp-att-16905 lightbox-0\"><img decoding=\"async\" class=\"alignnone size-full wp-image-16905\" src=\"https:\/\/schoenheitsmanufaktur.net\/wp-content\/uploads\/2016\/03\/HAARE-e1458762162749.png\" alt=\"HAARE\" width=\"130\" height=\"130\" \/><\/a><\/p>\n<p>&nbsp;<\/p>\n<p class=\"p2\">F\u00fcr ein tolles und gepflegtes Erscheinungsbild sind nicht nur sch\u00f6ne Kleidung oder ein faszinierendes Make-Up wichtig \u2013 ohne das richtige Haarstyling ist selbst der glamour\u00f6seste Look nur halb so sch\u00f6n.Ein typgerechter Haarschnitt und Haarfarbe geben Sicherheit, Selbstvertrauen und tragen zur Lebensfreude bei.Neueste Schnitttechniken sowie nat\u00fcrliche F\u00f6hntechniken sorgen f\u00fcr ein unkompliziertes, pflegeleichtes Styling.Durch unsere Tigi Produkte k\u00f6nnen sie das Profistyling auch zu Hause perfekt selbst nachstylen und neue Looks kreieren.<\/p>\n<p>&nbsp;<\/p>\n<p class=\"p2\"><a href=\"https:\/\/schoenheitsmanufaktur.net\/wp-content\/uploads\/2016\/03\/normal4.jpg\" rel=\"attachment wp-att-16377 lightbox-1\"><img fetchpriority=\"high\" decoding=\"async\" class=\"alignnone size-medium wp-image-16377\" src=\"https:\/\/schoenheitsmanufaktur.net\/wp-content\/uploads\/2016\/03\/normal4-300x200.jpg\" alt=\"normal4\" width=\"300\" height=\"200\" srcset=\"https:\/\/www.schoenheitsmanufaktur.net\/wp-content\/uploads\/2016\/03\/normal4-300x200.jpg 300w, https:\/\/www.schoenheitsmanufaktur.net\/wp-content\/uploads\/2016\/03\/normal4-768x512.jpg 768w, https:\/\/www.schoenheitsmanufaktur.net\/wp-content\/uploads\/2016\/03\/normal4-1024x683.jpg 1024w, https:\/\/www.schoenheitsmanufaktur.net\/wp-content\/uploads\/2016\/03\/normal4-700x467.jpg 700w, https:\/\/www.schoenheitsmanufaktur.net\/wp-content\/uploads\/2016\/03\/normal4.jpg 1200w\" sizes=\"(max-width: 300px) 100vw, 300px\" \/><\/a><\/p>\n<p>[\/vc_column_text][\/vc_column_inner][\/vc_row_inner][\/vc_tab][vc_tab title=&#8220;N\u00c4GEL&#8220; tab_id=&#8220;1394537422496-1-9&#8243;][vc_row_inner row_type=&#8220;row&#8220; use_as_box=&#8220;&#8220; type=&#8220;full_width&#8220; anchor=&#8220;N\u00e4gel&#8220; text_align=&#8220;left&#8220; row_negative_margin=&#8220;&#8220; el_id=&#8220;N\u00e4gel&#8220;][vc_column_inner width=&#8220;1\/1&#8243;][vc_column_text]<a href=\"https:\/\/schoenheitsmanufaktur.net\/wp-content\/uploads\/2016\/03\/N\u00c4GEL-e1458762188924.png\" rel=\"attachment wp-att-16902 lightbox-2\"><img decoding=\"async\" class=\"alignnone size-full wp-image-16902\" src=\"https:\/\/schoenheitsmanufaktur.net\/wp-content\/uploads\/2016\/03\/N\u00c4GEL-e1458762188924.png\" alt=\"N\u00c4GEL\" width=\"130\" height=\"130\" \/><\/a><\/p>\n<p>&nbsp;<\/p>\n<p>Unsere H\u00e4nde sind unsere Visitenkarte im Alltag. Wer tr\u00e4umt nicht von perfekt manik\u00fcrten N\u00e4geln? Schlie\u00dflich ist nichts \u00e4rgerlicher als abgeplatzter Nagellack oder Kratzer kurz nach dem Auftragen. Sie werden begeistert sein!  Wir arbeiten in unserem Studio nur mit zertifizieren Produkten von Alessandro, Catherine, ABC Nailstore und anderen bekannten Herstellern.Wir bieten sowohl UV-Lightcuring als auch Powder \/ Liquid System an.Wir beraten Sie gerne und finden f\u00fcr Sie die richtige L\u00e4nge, Form und ein Design mit dem Sie sich wohl f\u00fchlen.Manchmal muss der Natur etwas nachgeholfen werden, nur sehen sollte man das nicht. Die Kunst ist es, die gemachten N\u00e4gel nat\u00fcrlich wirken zu lassen.Durchst\u00f6bern Sie doch einfach unsere Galerie, hier finden Sie zahlreiche Varianten und Inspirationen.<\/p>\n<p>&nbsp;<\/p>\n<p>F\u00fc\u00dfe<\/p>\n<p>Nicht nur ihre H\u00e4nde haben es verdient sch\u00f6n zu werden. Auch eine Pedik\u00fcre sollte man sich regelm\u00e4\u00dfig g\u00f6nnen. Lassen Sie sich von uns verw\u00f6hnen. Sie k\u00f6nnen in unserem Programm zwischen normaler Fu\u00dfpflege mit oder ohne Nagellack w\u00e4hlen.Oder Sie lassen sich einen dauerhaften Lack mit Farbgel auftragen. Nat\u00fcrlich k\u00f6nnen Sie auch die klassische French Variante w\u00e4hlen.<\/p>\n<p>Wir beraten Sie sehr gerne.<\/p>\n<p>&nbsp;<\/p>\n<p><a href=\"https:\/\/schoenheitsmanufaktur.net\/wp-content\/uploads\/2016\/03\/normal23-900x650-1.jpg\" rel=\"attachment wp-att-16585 lightbox-3\"><img loading=\"lazy\" decoding=\"async\" class=\"alignnone size-medium wp-image-16585\" src=\"https:\/\/schoenheitsmanufaktur.net\/wp-content\/uploads\/2016\/03\/normal23-900x650-1-300x217.jpg\" alt=\"normal23-900x650\" width=\"300\" height=\"217\" srcset=\"https:\/\/www.schoenheitsmanufaktur.net\/wp-content\/uploads\/2016\/03\/normal23-900x650-1-300x217.jpg 300w, https:\/\/www.schoenheitsmanufaktur.net\/wp-content\/uploads\/2016\/03\/normal23-900x650-1-768x555.jpg 768w, https:\/\/www.schoenheitsmanufaktur.net\/wp-content\/uploads\/2016\/03\/normal23-900x650-1-700x506.jpg 700w, https:\/\/www.schoenheitsmanufaktur.net\/wp-content\/uploads\/2016\/03\/normal23-900x650-1.jpg 900w\" sizes=\"(max-width: 300px) 100vw, 300px\" \/><\/a>[\/vc_column_text][\/vc_column_inner][\/vc_row_inner][\/vc_tab][vc_tab title=&#8220;WIMPERN&#8220; tab_id=&#8220;1394537468256-2-8&#8243;][vc_row_inner row_type=&#8220;row&#8220; use_as_box=&#8220;&#8220; type=&#8220;full_width&#8220; anchor=&#8220;Wimpern&#8220; text_align=&#8220;left&#8220; row_negative_margin=&#8220;&#8220;][vc_column_inner width=&#8220;1\/1&#8243;][vc_column_text]<a href=\"https:\/\/schoenheitsmanufaktur.net\/wp-content\/uploads\/2016\/03\/WIMPERN-e1458761849431.png\" rel=\"attachment wp-att-16900 lightbox-4\"><img loading=\"lazy\" decoding=\"async\" class=\"alignnone size-full wp-image-16900\" src=\"https:\/\/schoenheitsmanufaktur.net\/wp-content\/uploads\/2016\/03\/WIMPERN-e1458761849431.png\" alt=\"WIMPERN\" width=\"130\" height=\"130\" \/><\/a><\/p>\n<p>&nbsp;<\/p>\n<p>Lassen Sie sich von wundersch\u00f6nen Seidenwimpern von LaCilia verzaubern. Tr\u00e4umen Sie nicht l\u00e4nger von einem verf\u00fchrerischen Augenaufschlag, sondern leben Sie Ihren Traum. Wir machen es mit wunderbaren sehr feinen Wimpern m\u00f6glich. Eine professionell erstellte Verl\u00e4ngerung und Verdichtung Ihrer Naturwimper l\u00e4sst Ihr Auge optisch gr\u00f6\u00dfer wirken und Schlupflider werden kaschiert. Zus\u00e4tzliches Tuschen der Wimpern ist nach der Behandlung nicht mehr n\u00f6tig. Ideal auch f\u00fcr Brillen und Kontaktlinsentr\u00e4gerinnen geeignet. Es werden Ihnen bei der Erstbehandlung in ca. 1,5 bis 2 Stunden zwischen 70 und 120 Einzelwimpern an Ihre eigenen Naturwimpern appliziert. Die Behandlung ist v\u00f6llig schmerzfrei und entspannend.<\/p>\n<p>Falls Sie sich noch mehr Glamour w\u00fcnschen, ist die zurzeit beste L\u00f6sung die neue Volumentechnik der 3D-Wimpernverl\u00e4ngerung, die der Kundschaft mehr Volumen und besseren Tragekomfort schenkt.<\/p>\n<p>Preislisten und eine professionelle Beratung finden Sie bei uns vor Ort.<\/p>\n<p>&nbsp;<\/p>\n<p><a href=\"https:\/\/schoenheitsmanufaktur.net\/wp-content\/uploads\/2016\/03\/vorhernachher.jpg\" rel=\"attachment wp-att-16861 lightbox-5\"><img loading=\"lazy\" decoding=\"async\" class=\"alignnone size-medium wp-image-16861\" src=\"https:\/\/schoenheitsmanufaktur.net\/wp-content\/uploads\/2016\/03\/vorhernachher-300x100.jpg\" alt=\"vorhernachher\" width=\"300\" height=\"100\" srcset=\"https:\/\/www.schoenheitsmanufaktur.net\/wp-content\/uploads\/2016\/03\/vorhernachher-300x100.jpg 300w, https:\/\/www.schoenheitsmanufaktur.net\/wp-content\/uploads\/2016\/03\/vorhernachher.jpg 595w\" sizes=\"(max-width: 300px) 100vw, 300px\" \/><\/a><\/p>\n<p><a href=\"https:\/\/schoenheitsmanufaktur.net\/wp-content\/uploads\/2016\/03\/Poster-mit-bearbeiteten-Wimpern-und-bearbeiteter-Haut.jpeg\" rel=\"attachment wp-att-16824 lightbox-6\"><img loading=\"lazy\" decoding=\"async\" class=\"alignnone size-medium wp-image-16824\" src=\"https:\/\/schoenheitsmanufaktur.net\/wp-content\/uploads\/2016\/03\/Poster-mit-bearbeiteten-Wimpern-und-bearbeiteter-Haut-225x300.jpeg\" alt=\"Poster mit bearbeiteten Wimpern und bearbeiteter Haut\" width=\"225\" height=\"300\" srcset=\"https:\/\/www.schoenheitsmanufaktur.net\/wp-content\/uploads\/2016\/03\/Poster-mit-bearbeiteten-Wimpern-und-bearbeiteter-Haut-225x300.jpeg 225w, https:\/\/www.schoenheitsmanufaktur.net\/wp-content\/uploads\/2016\/03\/Poster-mit-bearbeiteten-Wimpern-und-bearbeiteter-Haut-768x1024.jpeg 768w, https:\/\/www.schoenheitsmanufaktur.net\/wp-content\/uploads\/2016\/03\/Poster-mit-bearbeiteten-Wimpern-und-bearbeiteter-Haut-600x800.jpeg 600w, https:\/\/www.schoenheitsmanufaktur.net\/wp-content\/uploads\/2016\/03\/Poster-mit-bearbeiteten-Wimpern-und-bearbeiteter-Haut-700x933.jpeg 700w\" sizes=\"(max-width: 225px) 100vw, 225px\" \/><\/a>[\/vc_column_text][\/vc_column_inner][\/vc_row_inner][\/vc_tab][vc_tab title=&#8220;MAKE UP&#8220; tab_id=&#8220;1458598015841-3-4&#8243;][vc_row_inner row_type=&#8220;row&#8220; use_as_box=&#8220;&#8220; type=&#8220;full_width&#8220; anchor=&#8220;Makeup&#8220; text_align=&#8220;left&#8220; row_negative_margin=&#8220;&#8220;][vc_column_inner el_class=&#8220;&#8220; width=&#8220;1\/1&#8243;][vc_column_text]<a href=\"https:\/\/schoenheitsmanufaktur.net\/wp-content\/uploads\/2016\/03\/MAKE-UP-e1458761359190.png\" rel=\"attachment wp-att-16891 lightbox-7\"><img loading=\"lazy\" decoding=\"async\" class=\"alignnone size-full wp-image-16891\" src=\"https:\/\/schoenheitsmanufaktur.net\/wp-content\/uploads\/2016\/03\/MAKE-UP-e1458761359190.png\" alt=\"MAKE UP\" width=\"130\" height=\"130\" \/><\/a><\/p>\n<p>&nbsp;<\/p>\n<p class=\"p1\">Make-up kann so vielf\u00e4ltig sein: Welche Make-up-Trends sind gerade total angesagt?<br \/>\nSie suchen etwas extravagantes f\u00fcr einen besonderen Tag, ein Fotoshooting oder eine Hochzeit? Auch wenn Sie Ihre nat\u00fcrliche Sch\u00f6nheit nur unterstreichen wollen, sind Sie bei uns genau richtig.<br \/>\nWir kreieren f\u00fcr Sie den passenden Look und komplettieren diesen mit dem passenden und faszinierenden Make-up. Die Aufgabe des Make-ups ist es, die Pers\u00f6nlichkeit der Frau, ihre Sch\u00f6nheit und optischen Vorz\u00fcge perfekt zu betonen. Ein Braut Make-up muss keinen geringeren Anspruch erf\u00fcllen, als perfekt zu sein. Kein Wunder, dass sich viele dabei auf die Hilfe der Profis verlassen. Denn schlie\u00dflich ist das Make-up das i-T\u00fcpfelchen f\u00fcr den perfekten Auftritt.<\/p>\n<p>&nbsp;<\/p>\n<p class=\"p1\"><a href=\"https:\/\/schoenheitsmanufaktur.net\/wp-content\/uploads\/2016\/03\/normal12-900x650-1.jpg\" rel=\"attachment wp-att-16574 lightbox-8\"><img loading=\"lazy\" decoding=\"async\" class=\"alignnone size-medium wp-image-16574\" src=\"https:\/\/schoenheitsmanufaktur.net\/wp-content\/uploads\/2016\/03\/normal12-900x650-1-300x217.jpg\" alt=\"normal12-900x650\" width=\"300\" height=\"217\" srcset=\"https:\/\/www.schoenheitsmanufaktur.net\/wp-content\/uploads\/2016\/03\/normal12-900x650-1-300x217.jpg 300w, https:\/\/www.schoenheitsmanufaktur.net\/wp-content\/uploads\/2016\/03\/normal12-900x650-1-768x555.jpg 768w, https:\/\/www.schoenheitsmanufaktur.net\/wp-content\/uploads\/2016\/03\/normal12-900x650-1-700x506.jpg 700w, https:\/\/www.schoenheitsmanufaktur.net\/wp-content\/uploads\/2016\/03\/normal12-900x650-1.jpg 900w\" sizes=\"(max-width: 300px) 100vw, 300px\" \/><\/a><\/p>\n<p>[\/vc_column_text][\/vc_column_inner][\/vc_row_inner][\/vc_tab][\/vc_tabs][vc_empty_space height=&#8220;50px&#8220; image_repeat=&#8220;no-repeat&#8220;][\/vc_column][\/vc_row]<\/p>\n<\/section>","protected":false},"excerpt":{"rendered":"<p>[vc_row row_type=&#8220;row&#8220; type=&#8220;grid&#8220; text_align=&#8220;left&#8220; background_color=&#8220;#ffffff&#8220; padding_bottom=&#8220;0&#8243; use_row_as_full_screen_section=&#8220;no&#8220; parallax_content_width=&#8220;in_grid&#8220; angled_section=&#8220;no&#8220; angled_section_position=&#8220;both&#8220; angled_section_direction=&#8220;from_left_to_right&#8220; background_image_as_pattern=&#8220;without_pattern&#8220; row_negative_margin=&#8220;&#8220;][vc_column width=&#8220;1\/1&#8243;][vc_empty_space height=&#8220;100px&#8220; background_image=&#8220;&#8220; image_repeat=&#8220;no-repeat&#8220;][vc_tabs style=&#8220;boxed&#8220;][vc_tab title=&#8220;HAARE&#8220; tab_id=&#8220;1394534595-1-77&#8243;][vc_row_inner row_type=&#8220;row&#8220; use_as_box=&#8220;&#8220; type=&#8220;full_width&#8220; anchor=&#8220;Haare&#8220; text_align=&#8220;left&#8220; row_negative_margin=&#8220;&#8220; el_id=&#8220;Haare&#8220;][vc_column_inner width=&#8220;1\/1&#8243;][vc_column_text] &nbsp; F\u00fcr ein tolles und gepflegtes Erscheinungsbild sind nicht nur sch\u00f6ne Kleidung oder ein faszinierendes Make-Up wichtig&#8230;<\/p>\n","protected":false},"author":2,"featured_media":0,"parent":0,"menu_order":0,"comment_status":"closed","ping_status":"closed","template":"full_width.php","meta":{"footnotes":""},"class_list":["post-16771","page","type-page","status-publish","hentry"],"_links":{"self":[{"href":"https:\/\/www.schoenheitsmanufaktur.net\/index.php?rest_route=\/wp\/v2\/pages\/16771","targetHints":{"allow":["GET"]}}],"collection":[{"href":"https:\/\/www.schoenheitsmanufaktur.net\/index.php?rest_route=\/wp\/v2\/pages"}],"about":[{"href":"https:\/\/www.schoenheitsmanufaktur.net\/index.php?rest_route=\/wp\/v2\/types\/page"}],"author":[{"embeddable":true,"href":"https:\/\/www.schoenheitsmanufaktur.net\/index.php?rest_route=\/wp\/v2\/users\/2"}],"replies":[{"embeddable":true,"href":"https:\/\/www.schoenheitsmanufaktur.net\/index.php?rest_route=%2Fwp%2Fv2%2Fcomments&post=16771"}],"version-history":[{"count":48,"href":"https:\/\/www.schoenheitsmanufaktur.net\/index.php?rest_route=\/wp\/v2\/pages\/16771\/revisions"}],"predecessor-version":[{"id":16912,"href":"https:\/\/www.schoenheitsmanufaktur.net\/index.php?rest_route=\/wp\/v2\/pages\/16771\/revisions\/16912"}],"wp:attachment":[{"href":"https:\/\/www.schoenheitsmanufaktur.net\/index.php?rest_route=%2Fwp%2Fv2%2Fmedia&parent=16771"}],"curies":[{"name":"wp","href":"https:\/\/api.w.org\/{rel}","templated":true}]}}