{"id":15654,"date":"2016-03-02T09:42:22","date_gmt":"2016-03-02T09:42:22","guid":{"rendered":"http:\/\/schoenheitsmanufaktur.net\/?page_id=15654"},"modified":"2023-06-14T11:05:18","modified_gmt":"2023-06-14T11:05:18","slug":"ueber-mich","status":"publish","type":"page","link":"https:\/\/www.schoenheitsmanufaktur.net\/?page_id=15654","title":{"rendered":"\u00dcber Mich"},"content":{"rendered":"<section class=\"wpb-content-wrapper\"><p>[vc_row css_animation=&#8220;&#8220; row_type=&#8220;row&#8220; use_row_as_full_screen_section=&#8220;no&#8220; type=&#8220;full_width&#8220; angled_section=&#8220;no&#8220; text_align=&#8220;left&#8220; background_image_as_pattern=&#8220;without_pattern&#8220;][vc_column][vc_empty_space height=&#8220;50&#8243;][\/vc_column][\/vc_row][vc_row css_animation=&#8220;&#8220; row_type=&#8220;row&#8220; use_row_as_full_screen_section=&#8220;no&#8220; type=&#8220;full_width&#8220; header_style=&#8220;light&#8220; angled_section=&#8220;no&#8220; text_align=&#8220;left&#8220; background_image_as_pattern=&#8220;without_pattern&#8220; background_color=&#8220;#ffffff&#8220;][vc_column width=&#8220;1\/4&#8243;][vc_column_text]<br \/>\n[\/vc_column_text][\/vc_column][vc_column width=&#8220;1\/2&#8243;][vc_empty_space height=&#8220;30&#8243;][vc_column_text]Hallo liebe Besucher,<\/p>\n<p>&nbsp;<\/p>\n<p>ich freue mich sehr, Euch auf meiner Seite begr\u00fc\u00dfen zu d\u00fcrfen.<\/p>\n<p>Nun ist es soweit, mein gro\u00dfer Traum, ein eigenes Sch\u00f6nheits- und Wohlf\u00fchlstudio zu er\u00f6ffnen, ist wahr geworden.<\/p>\n<p>Alles begann im Jahr 2007 mit der Ausbildung zur Friseurin. Es folgte 2008 eine Weiterbildung zur Nageldesignerin und 2010 zur Wimpernstylistin. Im Jahr 2012 absolvierte ich den Trainerschein als Wimpernstylistin. Ich komplettierte meine umfangreiche Ausbildung, in der ich diverse Auszeichnungen bekam, mit dem Meister des Friseurhandwerks im Juni 2013.<\/p>\n<p>Erg\u00e4nzend dazu lie\u00df ich mich 2015 zur Visagistin weiterbilden.<\/p>\n<p>Ich habe meine Leidenschaft zum Beruf gemacht und hoffe Euch ein wenig auf die Reise durch die kreative Welt der Sch\u00f6nheitsmanufaktur mitnehmen zu d\u00fcrfen.<\/p>\n<p>&nbsp;<\/p>\n<p>\u00dcber einen Besuch in der Sch\u00f6nheitsmanufaktur bei meinem Team und mir w\u00fcrde ich mich sehr freuen.<\/p>\n<p>&nbsp;<\/p>\n<p>Eure Eva[\/vc_column_text][vc_empty_space height=&#8220;100&#8243;][\/vc_column][vc_column width=&#8220;1\/4&#8243;][vc_single_image image=&#8220;17116&#8243; img_size=&#8220;medium&#8220; alignment=&#8220;center&#8220; qode_css_animation=&#8220;&#8220;][vc_column_text]<\/p>\n<h3 style=\"text-align: center;\"><span style=\"font-size: 12pt;\">EVA <span style=\"color: #808080;\">Zdravev<\/span><\/span><\/h3>\n<p>[\/vc_column_text][vc_column_text]<\/p>\n<h5><\/h5>\n<p style=\"text-align: center;\"><span style=\"font-size: 10pt;\">Friseurmeisterin<\/span><\/p>\n<p style=\"text-align: center;\"><span style=\"font-size: 10pt;\">Nageldesignerin<\/span><\/p>\n<p style=\"text-align: center;\"><span style=\"font-size: 10pt;\">Wimpernstylistin<\/span><\/p>\n<p style=\"text-align: center;\"><span style=\"font-size: 10pt;\">Visagistin<\/span><\/p>\n<p>[\/vc_column_text][vc_empty_space height=&#8220;100&#8243;][\/vc_column][\/vc_row]<\/p>\n<\/section>","protected":false},"excerpt":{"rendered":"<p>[vc_row css_animation=&#8220;&#8220; row_type=&#8220;row&#8220; use_row_as_full_screen_section=&#8220;no&#8220; type=&#8220;full_width&#8220; angled_section=&#8220;no&#8220; text_align=&#8220;left&#8220; background_image_as_pattern=&#8220;without_pattern&#8220;][vc_column][vc_empty_space height=&#8220;50&#8243;][\/vc_column][\/vc_row][vc_row css_animation=&#8220;&#8220; row_type=&#8220;row&#8220; use_row_as_full_screen_section=&#8220;no&#8220; type=&#8220;full_width&#8220; header_style=&#8220;light&#8220; angled_section=&#8220;no&#8220; text_align=&#8220;left&#8220; background_image_as_pattern=&#8220;without_pattern&#8220; background_color=&#8220;#ffffff&#8220;][vc_column width=&#8220;1\/4&#8243;][vc_column_text] [\/vc_column_text][\/vc_column][vc_column width=&#8220;1\/2&#8243;][vc_empty_space height=&#8220;30&#8243;][vc_column_text]Hallo liebe Besucher, &nbsp; ich freue mich sehr, Euch auf meiner Seite begr\u00fc\u00dfen zu d\u00fcrfen. Nun ist es soweit, mein gro\u00dfer Traum, ein eigenes&#8230;<\/p>\n","protected":false},"author":1,"featured_media":0,"parent":0,"menu_order":0,"comment_status":"closed","ping_status":"closed","template":"full_width.php","meta":{"footnotes":""},"class_list":["post-15654","page","type-page","status-publish","hentry"],"_links":{"self":[{"href":"https:\/\/www.schoenheitsmanufaktur.net\/index.php?rest_route=\/wp\/v2\/pages\/15654","targetHints":{"allow":["GET"]}}],"collection":[{"href":"https:\/\/www.schoenheitsmanufaktur.net\/index.php?rest_route=\/wp\/v2\/pages"}],"about":[{"href":"https:\/\/www.schoenheitsmanufaktur.net\/index.php?rest_route=\/wp\/v2\/types\/page"}],"author":[{"embeddable":true,"href":"https:\/\/www.schoenheitsmanufaktur.net\/index.php?rest_route=\/wp\/v2\/users\/1"}],"replies":[{"embeddable":true,"href":"https:\/\/www.schoenheitsmanufaktur.net\/index.php?rest_route=%2Fwp%2Fv2%2Fcomments&post=15654"}],"version-history":[{"count":50,"href":"https:\/\/www.schoenheitsmanufaktur.net\/index.php?rest_route=\/wp\/v2\/pages\/15654\/revisions"}],"predecessor-version":[{"id":17351,"href":"https:\/\/www.schoenheitsmanufaktur.net\/index.php?rest_route=\/wp\/v2\/pages\/15654\/revisions\/17351"}],"wp:attachment":[{"href":"https:\/\/www.schoenheitsmanufaktur.net\/index.php?rest_route=%2Fwp%2Fv2%2Fmedia&parent=15654"}],"curies":[{"name":"wp","href":"https:\/\/api.w.org\/{rel}","templated":true}]}}