{"id":15514,"date":"2016-02-27T12:33:29","date_gmt":"2016-02-27T12:33:29","guid":{"rendered":"http:\/\/schoenheitsmanufaktur.net\/?page_id=15514"},"modified":"2023-06-14T11:17:06","modified_gmt":"2023-06-14T11:17:06","slug":"impressum","status":"publish","type":"page","link":"https:\/\/www.schoenheitsmanufaktur.net\/?page_id=15514","title":{"rendered":"Impressum"},"content":{"rendered":"<section class=\"wpb-content-wrapper\"><p>[vc_row css_animation=&#8220;&#8220; row_type=&#8220;row&#8220; use_row_as_full_screen_section=&#8220;no&#8220; type=&#8220;full_width&#8220; angled_section=&#8220;no&#8220; text_align=&#8220;left&#8220; background_image_as_pattern=&#8220;without_pattern&#8220;][vc_column][vc_column_text]<span style=\"color: #808080;\">Verantwortlich f\u00fcr den Inhalt der Seite ist<\/span><\/p>\n<p>&nbsp;<\/p>\n<p><span style=\"color: #808080;\">Eva Zdravev, <\/span><\/p>\n<p><span style=\"color: #808080;\">Niederhofer Weg 6, 86987 Schwabsoien<\/span><\/p>\n<p><span style=\"color: #808080;\">e.heisserer@gmx.de<\/span><\/p>\n<p><span style=\"color: #808080;\"><a class=\"fl r-i3stB_eBlPvU\" style=\"color: #808080;\" title=\"\u00dcber Hangouts anrufen\" data-number=\"+4988682345912\" data-rtid=\"i3stB_eBlPvU\" data-ved=\"0ahUKEwixrK_O-ZfLAhWMA5oKHZGEAdgQkAgIfTAT\">08868-2345912<\/a><\/span><\/p>\n<p><span style=\"color: #808080;\"><a class=\"fl r-i3stB_eBlPvU\" style=\"color: #808080;\" title=\"\u00dcber Hangouts anrufen\" data-number=\"+4988682345912\" data-rtid=\"i3stB_eBlPvU\" data-ved=\"0ahUKEwixrK_O-ZfLAhWMA5oKHZGEAdgQkAgIfTAT\">Steuer-Nr.: 168-227-31493<\/a><\/span><\/p>\n<h2><span style=\"color: #808080;\">HAFTUNG F\u00dcR INHALTE<\/span><\/h2>\n<p>&nbsp;<\/p>\n<p><span class=\"text_impressum\" style=\"color: #999999;\">Die Inhalte unserer Seiten wurden mit gr\u00f6\u00dfter Sorgfalt erstellt. F\u00fcr die Richtigkeit, Vollst\u00e4ndigkeit und Aktualit\u00e4t der Inhalte k\u00f6nnen wir jedoch keine Gew\u00e4hr \u00fcbernehmen. Als Diensteanbieter sind wir gem\u00e4\u00df \u00a7 7 Abs.1 TMG f\u00fcr eigene Inhalte auf diesen Seiten nach den allgemeinen Gesetzen verantwortlich. Nach \u00a7\u00a7 8 bis 10 TMG sind wir als Diensteanbieter jedoch nicht verpflichtet, \u00fcbermittelte oder gespeicherte fremde Informationen zu \u00fcberwachen oder nach Umst\u00e4nden zu forschen, die auf eine rechtswidrige T\u00e4tigkeit hinweisen. Verpflichtungen zur Entfernung oder Sperrung der Nutzung von Informationen nach den allgemeinen Gesetzen bleiben hiervon unber\u00fchrt. Eine diesbez\u00fcgliche Haftung ist jedoch erst ab dem Zeitpunkt der Kenntnis einer konkreten Rechtsverletzung m\u00f6glich. Bei Bekanntwerden von entsprechenden Rechtsverletzungen werden wir diese Inhalte umgehend entfernen.<\/span><\/p>\n<h2><span style=\"color: #808080;\">HAFTUNG F\u00dcR LINKS<\/span><\/h2>\n<p><span class=\"text_impressum\" style=\"color: #999999;\">Unser Angebot enth\u00e4lt Links zu externen Webseiten Dritter, auf deren Inhalte wir keinen Einfluss haben. Deshalb k\u00f6nnen wir f\u00fcr diese fremden Inhalte auch keine Gew\u00e4hr \u00fcbernehmen. F\u00fcr die Inhalte der verlinkten Seiten ist stets der jeweilige Anbieter oder Betreiber der Seiten verantwortlich. Die verlinkten Seiten wurden zum Zeitpunkt der Verlinkung auf m\u00f6gliche Rechtsverst\u00f6\u00dfe \u00fcberpr\u00fcft. Rechtswidrige Inhalte waren zum Zeitpunkt der Verlinkung nicht erkennbar. Eine permanente inhaltliche Kontrolle der verlinkten Seiten ist jedoch ohne konkrete Anhaltspunkte einer Rechtsverletzung nicht zumutbar. Bei Bekanntwerden von Rechtsverletzungen werden wir derartige Links umgehend entfernen.<\/span><\/p>\n<h1><span style=\"font-size: 18pt; color: #808080;\">DATENSCHUTZERKL\u00c4RUNG<\/span><\/h1>\n<p class=\"text_impressum\"><span style=\"color: #999999;\">Der Schutz Ihrer personenbezogenen Daten bei der Erhebung, Verarbeitung und Nutzung anl\u00e4sslich Ihres Besuches auf dieser Website ist f\u00fcr Cafe Kehl ein wichtiges Anliegen. Ihre Daten werden im Rahmen der gesetzlichen Vorschriften erfasst, verarbeitet und gesch\u00fctzt. Nachfolgend finden Sie Informationen, welche Daten w\u00e4hrend Ihres Besuchs auf diesem Website erfasst und wie diese genutzt werden:<\/span><\/p>\n<h2><span style=\"color: #808080;\">1. ERHEBUNG UND VERARBEITUNG VON DATEN<\/span><\/h2>\n<p class=\"text_impressum\"><span style=\"color: #999999;\">Jeder Zugriff auf dieser Website und jeder Abruf einer auf diesem Website hinterlegten Datei werden in einer Logdatei protokolliert. Die Speicherung dient nur statistischen Zwecken sowie der Aufrechterhaltung der Funktionalit\u00e4t. Aufgezeichnet werden folgende Informationen: Name der abgerufenen Datei Browsertyp\/ -version verwendetes Betriebssystem Referer URL (die zuvor besuchte Seite) Suchbegriffe (bei Weiterleitung von einer Suchmaschine) Hostname des zugreifenden Rechners (IP Adresse) \u00dcbertragene Datenmenge (Transfervolumen) Diese Daten erlauben keine direkten R\u00fcckschl\u00fcsse auf Ihre tats\u00e4chliche Person und Identit\u00e4t. Daher geh\u00f6ren diese Daten nicht zu den personenbezogenen Daten. Diese Daten werden im Anschluss an die statistische Auswertung gel\u00f6scht, sofern diese nicht zur Aufrechterhaltung der Funktionalit\u00e4t dieser Website erforderlich sind. Weitergehende und\/oder personenbezogene Daten werden nur erfasst, wenn Sie diese Angaben freiwillig im Rahmen eines Gastkommentares, einer Registrierung oder im Zuge einer durch Sie veranlassten pers\u00f6nlichen Kontaktaufnahme machen. Sofern Sie im Rahmen eines Gastkommentares freiwillig eine Emailadresse hinterlassen, bitten wir Sie, keine Falschangaben zu machen oder eine dritte Person zu kompromittieren oder deren Identit\u00e4t vorzut\u00e4uschen.<\/span><\/p>\n<h2><span style=\"color: #808080;\">2. COOKIES<\/span><\/h2>\n<p class=\"text_impressum\"><span style=\"color: #999999;\">Diese Website verwendet an mehreren Stellen zur Aufrechterhaltung der Funktionalit\u00e4t sogenannte Cookies. Sie dienen dazu, das Angebot nutzerfreundlicher und effektiver zu machen. Cookies sind kleine Textdateien, die auf Ihrem Rechner abgelegt werden und die Ihr Browser speichert. Cookies richten auf Ihrem Rechner keinen Schaden an und enthalten keine Viren, verbessern aber die Funktionalit\u00e4t dieses Onlineangebotes. Cookies, die durch dieser Website ausgel\u00f6st werden, enthalten gegebenenfalls Teile Ihrer personenbezogenen Daten. Sie k\u00f6nnen die Speicherung von Cookies in Ihrem Browser auch deaktivieren, sofern Sie \u00fcber die erforderlichen Zugriffsrechte verf\u00fcgen. Gegebenenfalls stehen Ihnen in diesem Fall innerhalb dieser Website nicht alle Funktionen zur Verf\u00fcgung, die wesentlichen Funktionen sind aber weiterhin nutzbar.<\/span><\/p>\n<h2><span style=\"color: #808080;\">3. NUTZUNG UND WEITERGABE PERSONENBEZOGENER DATEN<\/span><\/h2>\n<p class=\"text_impressum\"><span style=\"color: #999999;\">Soweit Sie uns personenbezogene Daten zur Verf\u00fcgung gestellt haben, verwenden wir diese nur zur Beantwortung Ihrer Anfragen und f\u00fcr die technische Administration. Ihre personenbezogenen Daten werden an Dritte nur weitergegeben oder sonst \u00fcbermittelt, wenn dies zum Zwecke einer Vertragsabwicklung mit Ihrer Zustimmung erfolgt, zur Gew\u00e4hrleistung der Funktionalit\u00e4t dieser Website notwendig ist oder im Rahmen einer Anordnung einer im Sinne des Gesetzes berechtigten Stelle erforderlich wird. Zur SPAM-Vermeidung wird jeder von Ihnen innerhalb dieser Website abgesendete Kommentar inklusive der in diesem Zusammenhang erhobenen Daten einmalig automatisiert an einen Drittanbieter \u00fcbermittelt und anhand von hinterlegten Mustern auf SPAM-Merkmale \u00fcberpr\u00fcft. Ihre Daten werden dort nicht gespeichert, wenn Ihre Daten als unbedenklich eingestuft wurden. Sehr selten auftretende Fehleinstufungen werden gew\u00f6hnlich innerhalb von ca. 48 Stunden manuell von mir oder einem Beauftragten korrigiert. Beachten Sie bitte in diesem Zusammenhang auch die Datenschutzerkl\u00e4rung des Drittanbieters. Sie haben das Recht, eine erteilte Einwilligung mit Wirkung f\u00fcr die Zukunft jederzeit schriftlich zu widerrufen (Kontakt siehe unten). Die L\u00f6schung der gespeicherten personenbezogenen Daten erfolgt, wenn Sie Ihre Einwilligung zur Speicherung widerrufen, wenn ihre Kenntnis zur Erf\u00fcllung des mit der Speicherung verfolgten Zwecks nicht mehr erforderlich ist oder wenn ihre Speicherung aus sonstigen gesetzlichen Gr\u00fcnden unzul\u00e4ssig ist oder wird.<\/span><\/p>\n<h2><span style=\"color: #808080;\">4. AUSKUNFTSRECHT<\/span><\/h2>\n<p class=\"text_impressum\"><span style=\"color: #999999;\">Auf schriftliche Anfrage (Kontakt siehe unten) werden wir Sie gern \u00fcber die zu Ihrer Person gespeicherten Daten informieren.<\/span><\/p>\n<h2><span style=\"color: #808080;\">5. L\u00d6SCHUNGSVORBEHALT<\/span><\/h2>\n<p class=\"text_impressum\"><span style=\"color: #999999;\">\u201cSch\u00f6nheitsmanufaktur-Haare, N\u00e4gel, Make-up\u201d beh\u00e4lt sich vor, zur Aufrechterhaltung der Funktionalit\u00e4t oder zur Wahrung der vom &#8222;Sch\u00f6nheitsmanufaktur-Haare, N\u00e4gel, Make-up&#8220;f\u00fcr diese Website vorgesehenen Intention oder im Falle von anzunehmenden oder bereits eingetretenen Verst\u00f6\u00dfen gegen Sitte, Moral oder geltendes Recht Daten \u2013 dazu geh\u00f6ren insbesondere Gastkommentare oder ver\u00f6ffentlichte Artikel \u2013 ohne R\u00fcckfrage und nach eigenem Ermessen zu l\u00f6schen.<\/span><\/p>\n<h2><span style=\"color: #808080;\">6. SICHERHEITSHINWEIS<\/span><\/h2>\n<p class=\"text_impressum\"><span style=\"color: #999999;\">Ihre personenbezogenen Daten werden durch Ergreifung aller zur Verf\u00fcgung stehenden technischen und organisatorischen Mittel m\u00f6glichst so gespeichert, dass sie f\u00fcr Dritte nicht zug\u00e4nglich sind. Bei der Kommunikation per Email kann die vollst\u00e4ndige Datensicherheit nicht gew\u00e4hrleistet werden, so dass f\u00fcr vertrauliche Informationen der Postweg empfohlen wird.<\/span><\/p>\n<h2><span style=\"color: #808080;\">GOOGLE ANALYTICS<\/span><\/h2>\n<p class=\"text_impressum\"><span style=\"color: #999999;\">Diese Webseite benutzt Google Analytics, einen Webanalysedienst der Google Inc. (\u201eGoogle\u201c). Google Analytics verwendet sog. \u201eCookies\u201c, Textdateien, die auf Ihrem Computer gespeichert werden und die eine Analyse der Benutzung der Webseite durch Sie erm\u00f6glichen. Die durch den Cookie erzeugten Informationen \u00fcber Ihre Benutzung dieser Webseite (einschlie\u00dflich Ihrer IP-Adresse) werden an einen Server von Google in den USA \u00fcbertragen und dort gespeichert. Google wird diese Informationen benutzen, um Ihre Nutzung der Webseite auszuwerten, um Reports \u00fcber die Webseitenaktivit\u00e4ten f\u00fcr die Webseitenbetreiber zusammenzustellen und um weitere mit der Websitenutzung und der Internetnutzung verbundene Dienstleistungen zu erbringen. Auch wird Google diese Informationen gegebenenfalls an Dritte \u00fcbertragen, sofern dies gesetzlich vorgeschrieben oder soweit Dritte diese Daten im Auftrag von Google verarbeiten. Google wird in keinem Fall Ihre IP-Adresse mit anderen Daten von Google in Verbindung bringen. Sie k\u00f6nnen die Installation der Cookies durch eine entsprechende Einstellung Ihrer Browser Software verhindern; wir weisen Sie jedoch darauf hin, dass Sie in diesem Fall gegebenenfalls nicht s\u00e4mtliche Funktionen dieser Website vollumf\u00e4nglich nutzen k\u00f6nnen. Durch die Nutzung dieser Webseite erkl\u00e4ren Sie sich mit der Bearbeitung der \u00fcber Sie erhobenen Daten durch Google in der zuvor beschriebenen Art und Weise und zu dem zuvor benannten Zweck einverstanden.<\/span><\/p>\n<p class=\"text_impressum\"><span style=\"color: #999999;\">Der Erhebung und Nutzung Ihrer IP-Adresse durch Google Analytics k\u00f6nnen Sie jederzeit mit Wirkung f\u00fcr die Zukunft widersprechen. N\u00e4here Informationen hierzu finden Sie unter<a style=\"color: #999999;\" href=\"http:\/\/tools.google.com\/dlpage\/gaoptout?hl=de\" target=\"_blank\" rel=\"noopener\">http:\/\/tools.google.com\/dlpage\/gaoptout?hl=de<\/a>. Wir weisen Sie darauf hin, dass auf dieser Webseite Google Analytics um den Code \u201egat._anonymizeIp();\u201c erweitert wurde, um eine anonymisierte Erfassung von IP-Adressen zu gew\u00e4hrleisten.<\/span><\/p>\n<h2><span style=\"color: #808080;\">SOCIAL PLUGINS VON FACEBOOK<\/span><\/h2>\n<p class=\"text_impressum\"><span style=\"color: #999999;\">Diese Webseite verwendet Social Plugins von <a style=\"color: #999999;\" title=\"Facebook\" href=\"http:\/\/www.facebook.com\/\" target=\"_blank\" rel=\"noopener\">facebook.com<\/a>, betrieben durch Facebook Inc., 1601 S. California Ave, Palo Alto, CA 94304, USA. Die Plugins sind an dem Facebook Logo oder dem Zusatz \u201cFacebook Social Plugin\u201d zu erkennen. Wenn Sie z.B. den \u201cGef\u00e4llt mir\u201d Button anklicken oder einen Kommentar abgeben, wird die entsprechende Information von Ihrem Browser direkt an Facebook \u00fcbermittelt und dort gespeichert. Details zum Umgang mit Ihren pers\u00f6nlichen Daten durch Facebook sowie Ihren diesbez\u00fcglichen Rechten entnehmen Sie bitte den Datenschutzhinweisen von <a style=\"color: #999999;\" title=\"Facebook Policy\" href=\"http:\/\/www.facebook.com\/policy.php\" target=\"_blank\" rel=\"noopener\">Facebook<\/a>. Wenn Sie nicht m\u00f6chten, dass Facebook \u00fcber unsere Webseiten Daten \u00fcber Sie sammelt, sollten Sie sich vor Ihrem Besuch unserer Webseiten bei Facebook ausloggen und Ihr Profil nicht mit der Funktion \u201cMit Facebook verbinden\u201d mit Ihrem Facebook Account verkn\u00fcpfen.<\/span><\/p>\n<h2><span style=\"color: #808080;\">Bilder<\/span><\/h2>\n<p>Gutschein Icon:<\/p>\n<p>Icon made by <a href=\"https:\/\/www.flaticon.com\/authors\/freepik\">https:\/\/www.flaticon.com\/authors\/freepik<\/a> from <a href=\"http:\/\/www.flaticon.com\/\">http:\/\/www.flaticon.com\/<\/a>[\/vc_column_text][\/vc_column][\/vc_row][vc_row css_animation=&#8220;&#8220; row_type=&#8220;row&#8220; use_row_as_full_screen_section=&#8220;no&#8220; type=&#8220;full_width&#8220; angled_section=&#8220;no&#8220; text_align=&#8220;left&#8220; background_image_as_pattern=&#8220;without_pattern&#8220;][vc_column][vc_empty_space height=&#8220;100px&#8220;][\/vc_column][\/vc_row]<\/p>\n<\/section>","protected":false},"excerpt":{"rendered":"<p>[vc_row css_animation=&#8220;&#8220; row_type=&#8220;row&#8220; use_row_as_full_screen_section=&#8220;no&#8220; type=&#8220;full_width&#8220; angled_section=&#8220;no&#8220; text_align=&#8220;left&#8220; background_image_as_pattern=&#8220;without_pattern&#8220;][vc_column][vc_column_text]Verantwortlich f\u00fcr den Inhalt der Seite ist &nbsp; Eva Zdravev, Niederhofer Weg 6, 86987 Schwabsoien e.heisserer@gmx.de 08868-2345912 Steuer-Nr.: 168-227-31493 HAFTUNG F\u00dcR INHALTE &nbsp; Die Inhalte unserer Seiten wurden mit gr\u00f6\u00dfter Sorgfalt erstellt. F\u00fcr die Richtigkeit, Vollst\u00e4ndigkeit und Aktualit\u00e4t&#8230;<\/p>\n","protected":false},"author":1,"featured_media":0,"parent":0,"menu_order":0,"comment_status":"open","ping_status":"open","template":"","meta":{"footnotes":""},"class_list":["post-15514","page","type-page","status-publish","hentry"],"_links":{"self":[{"href":"https:\/\/www.schoenheitsmanufaktur.net\/index.php?rest_route=\/wp\/v2\/pages\/15514","targetHints":{"allow":["GET"]}}],"collection":[{"href":"https:\/\/www.schoenheitsmanufaktur.net\/index.php?rest_route=\/wp\/v2\/pages"}],"about":[{"href":"https:\/\/www.schoenheitsmanufaktur.net\/index.php?rest_route=\/wp\/v2\/types\/page"}],"author":[{"embeddable":true,"href":"https:\/\/www.schoenheitsmanufaktur.net\/index.php?rest_route=\/wp\/v2\/users\/1"}],"replies":[{"embeddable":true,"href":"https:\/\/www.schoenheitsmanufaktur.net\/index.php?rest_route=%2Fwp%2Fv2%2Fcomments&post=15514"}],"version-history":[{"count":24,"href":"https:\/\/www.schoenheitsmanufaktur.net\/index.php?rest_route=\/wp\/v2\/pages\/15514\/revisions"}],"predecessor-version":[{"id":17352,"href":"https:\/\/www.schoenheitsmanufaktur.net\/index.php?rest_route=\/wp\/v2\/pages\/15514\/revisions\/17352"}],"wp:attachment":[{"href":"https:\/\/www.schoenheitsmanufaktur.net\/index.php?rest_route=%2Fwp%2Fv2%2Fmedia&parent=15514"}],"curies":[{"name":"wp","href":"https:\/\/api.w.org\/{rel}","templated":true}]}}